{"id":8644,"date":"2023-11-05T05:42:33","date_gmt":"2023-11-05T05:42:33","guid":{"rendered":"https:\/\/os.cbionline.net\/?page_id=8644"},"modified":"2023-11-06T00:20:18","modified_gmt":"2023-11-06T00:20:18","slug":"tienda","status":"publish","type":"page","link":"https:\/\/os.cbionline.net\/es\/tienda\/","title":{"rendered":"Tienda"},"content":{"rendered":"\t\t<div data-elementor-type=\"wp-page\" data-elementor-id=\"8644\" class=\"elementor elementor-8644\">\n\t\t\t\t<div class=\"elementor-element elementor-element-8bab8f4 e-con-full e-flex e-con e-parent\" data-id=\"8bab8f4\" data-element_type=\"container\" data-e-type=\"container\">\n\t\t\t\t<div class=\"elementor-element elementor-element-fd2e7d0 elementor-widget elementor-widget-image\" data-id=\"fd2e7d0\" data-element_type=\"widget\" data-e-type=\"widget\" data-widget_type=\"image.default\">\n\t\t\t\t<div class=\"elementor-widget-container\">\n\t\t\t\t\t\t\t\t\t\t\t\t\t\t\t<img decoding=\"async\" width=\"2560\" height=\"252\" src=\"https:\/\/os.cbionline.net\/wp-content\/uploads\/2023\/11\/BANNER-DIANA-256-px.jpg\" class=\"attachment-full size-full wp-image-8632\" alt=\"\" srcset=\"https:\/\/os.cbionline.net\/wp-content\/uploads\/2023\/11\/BANNER-DIANA-256-px.jpg 2560w, https:\/\/os.cbionline.net\/wp-content\/uploads\/2023\/11\/BANNER-DIANA-256-px-300x30.jpg 300w, https:\/\/os.cbionline.net\/wp-content\/uploads\/2023\/11\/BANNER-DIANA-256-px-1024x101.jpg 1024w, https:\/\/os.cbionline.net\/wp-content\/uploads\/2023\/11\/BANNER-DIANA-256-px-768x76.jpg 768w, https:\/\/os.cbionline.net\/wp-content\/uploads\/2023\/11\/BANNER-DIANA-256-px-1536x151.jpg 1536w, https:\/\/os.cbionline.net\/wp-content\/uploads\/2023\/11\/BANNER-DIANA-256-px-2048x202.jpg 2048w, https:\/\/os.cbionline.net\/wp-content\/uploads\/2023\/11\/BANNER-DIANA-256-px-600x59.jpg 600w\" sizes=\"(max-width: 2560px) 100vw, 2560px\" \/>\t\t\t\t\t\t\t\t\t\t\t\t\t\t\t<\/div>\n\t\t\t\t<\/div>\n\t\t\t\t<\/div>\n\t\t<div class=\"elementor-element elementor-element-f73b9c4 e-con-full e-flex e-con e-parent\" data-id=\"f73b9c4\" data-element_type=\"container\" data-e-type=\"container\">\n\t\t<div class=\"elementor-element elementor-element-14ac5f6 e-con-full e-flex e-con e-child\" data-id=\"14ac5f6\" data-element_type=\"container\" data-e-type=\"container\">\n\t\t\t\t<div class=\"elementor-element elementor-element-ca5e2eb elementor-widget elementor-widget-trekon_core_product_list\" data-id=\"ca5e2eb\" data-element_type=\"widget\" data-e-type=\"widget\" data-widget_type=\"trekon_core_product_list.default\">\n\t\t\t\t<div class=\"elementor-widget-container\">\n\t\t\t\t\t<div class=\"qodef-shortcode qodef-m  qodef-woo-shortcode qodef-woo-product-list qodef-item-layout--info-below qodef-grid qodef-layout--columns    qodef-col-num--3 qodef-item-layout--info-below qodef-pagination--off qodef-responsive--predefined\" style=\"--qode-gutter-custom: 0px;--qode-vertical-gutter-custom: 0px;--qode-gutter-custom-1440: 0px;--qode-vertical-gutter-custom-1440: 0px;--qode-gutter-custom-1024: 0px;--qode-vertical-gutter-custom-1024: 0px;--qode-gutter-custom-768: 0px;--qode-vertical-gutter-custom-768: 0px;--qode-gutter-custom-680: 0px;--qode-vertical-gutter-custom-680: 0px\" data-options=\"{&quot;plugin&quot;:&quot;trekon_core&quot;,&quot;module&quot;:&quot;plugins\\\/woocommerce\\\/shortcodes&quot;,&quot;shortcode&quot;:&quot;product-list&quot;,&quot;post_type&quot;:&quot;product&quot;,&quot;next_page&quot;:&quot;2&quot;,&quot;max_pages_num&quot;:0,&quot;behavior&quot;:&quot;columns&quot;,&quot;images_proportion&quot;:&quot;full&quot;,&quot;columns&quot;:&quot;3&quot;,&quot;columns_responsive&quot;:&quot;predefined&quot;,&quot;posts_per_page&quot;:&quot;9&quot;,&quot;orderby&quot;:&quot;date&quot;,&quot;order&quot;:&quot;DESC&quot;,&quot;additional_params&quot;:&quot;tax&quot;,&quot;tax&quot;:&quot;product_cat&quot;,&quot;tax_slug&quot;:&quot;costadelsol&quot;,&quot;layout&quot;:&quot;info-below&quot;,&quot;title_tag&quot;:&quot;h4&quot;,&quot;pagination_type&quot;:&quot;no-pagination&quot;,&quot;object_class_name&quot;:&quot;TrekOnCore_Product_List_Shortcode&quot;,&quot;taxonomy_filter&quot;:&quot;product_cat&quot;,&quot;additional_query_args&quot;:{&quot;tax_query&quot;:[{&quot;taxonomy&quot;:&quot;product_cat&quot;,&quot;field&quot;:&quot;slug&quot;,&quot;terms&quot;:&quot;costadelsol&quot;}]},&quot;holder_styles&quot;:{&quot;custom&quot;:&quot;--qode-gutter-custom: 0px&quot;,&quot;vertical_custom&quot;:&quot;--qode-vertical-gutter-custom: 0px&quot;,&quot;custom_1440&quot;:&quot;--qode-gutter-custom-1440: 0px&quot;,&quot;vertical_custom_1440&quot;:&quot;--qode-vertical-gutter-custom-1440: 0px&quot;,&quot;custom_1024&quot;:&quot;--qode-gutter-custom-1024: 0px&quot;,&quot;vertical_custom_1024&quot;:&quot;--qode-vertical-gutter-custom-1024: 0px&quot;,&quot;custom_768&quot;:&quot;--qode-gutter-custom-768: 0px&quot;,&quot;vertical_custom_768&quot;:&quot;--qode-vertical-gutter-custom-768: 0px&quot;,&quot;custom_680&quot;:&quot;--qode-gutter-custom-680: 0px&quot;,&quot;vertical_custom_680&quot;:&quot;--qode-vertical-gutter-custom-680: 0px&quot;}}\">\n\t\t<ul class=\"qodef-grid-inner\">\n\t\t<p class=\"qodef-m-posts-not-found qodef-grid-item\">No posts were found for provided query parameters.<\/p>\n\t<\/ul>\n\t<\/div>\n\t\t\t\t<\/div>\n\t\t\t\t<\/div>\n\t\t\t\t<\/div>\n\t\t<div class=\"elementor-element elementor-element-546e41a e-con-full e-flex e-con e-child\" data-id=\"546e41a\" data-element_type=\"container\" data-e-type=\"container\">\n\t\t\t\t<div class=\"elementor-element elementor-element-b3601e0 elementor-widget elementor-widget-sidebar\" data-id=\"b3601e0\" data-element_type=\"widget\" data-e-type=\"widget\" data-widget_type=\"sidebar.default\">\n\t\t\t\t<div class=\"elementor-widget-container\">\n\t\t\t\t\t<div class=\"widget widget_block\" data-area=\"shop-sidebar\">\n<div data-block-name=\"woocommerce\/filter-wrapper\" data-filter-type=\"price-filter\" data-heading=\"Filter by price\" class=\"wp-block-woocommerce-filter-wrapper\">\n<div data-block-name=\"woocommerce\/price-filter\" data-heading=\"\" data-lock=\"{&quot;remove&quot;:true}\" data-show-filter-button=\"true\" data-show-input-fields=\"false\" class=\"wp-block-woocommerce-price-filter is-loading\"><span aria-hidden=\"true\" class=\"wc-block-product-categories__placeholder\"><\/span><\/div>\n<\/div>\n<\/div><div class=\"widget widget_block widget_search\" data-area=\"shop-sidebar\"><form role=\"search\" method=\"get\" class=\"wp-block-search__button-inside wp-block-search__text-button qodef-search-form wp-block-search\" action=\"https:\/\/os.cbionline.net\/es\/\"><label for=\"qodef-search-form-1\" class=\"qodef-search-form-label\">Search<\/label><div class=\"qodef-search-form-inner \"><input type=\"search\" id=\"qodef-search-form-1\" class=\"qodef-search-form-field \" name=\"s\" value=\"\" placeholder=\"Search\"  required \/><input type=\"hidden\" name=\"post_type\" value=\"product\" \/><button type=\"submit\" class=\"qodef-search-form-button  qodef--button-inside qodef--has-icon\" ><svg class=\"qodef-svg--search\" xmlns=\"http:\/\/www.w3.org\/2000\/svg\" width=\"16.829\" height=\"17.828\" viewBox=\"0 0 16.829 17.828\"><g fill=\"none\" stroke=\"currentColor\" stroke-width=\"2\"><circle cx=\"7.875\" cy=\"7.875\" r=\"6.875\"\/><\/g><rect width=\"6\" height=\"2\" rx=\"1\" transform=\"rotate(45 -8.39990374 21.27864595)\"\/><\/svg><\/button><\/div><\/form><\/div><div class=\"widget widget_trekon_core_title_widget\" data-area=\"shop-sidebar\">\t\t\t\t\t\t\t<h4 class=\"qodef-widget-title\" >\n\t\t\t\tCategories\t\t\t\t<\/h4>\n\t\t\t\t\t\t<\/div><div class=\"widget widget_block\" data-area=\"shop-sidebar\">\n<div class=\"wp-block-columns is-layout-flex wp-container-core-columns-is-layout-9d6595d7 wp-block-columns-is-layout-flex\">\n<div class=\"wp-block-column is-layout-flow wp-block-column-is-layout-flow\"><\/div>\n<\/div>\n<\/div><div class=\"widget widget_block widget_media_image\" data-area=\"shop-sidebar\">\n<figure class=\"wp-block-image size-large is-resized\"><img fetchpriority=\"high\" decoding=\"async\" fetchpriority=\"high\" width=\"684\" height=\"1024\" src=\"https:\/\/os.cbionline.net\/wp-content\/uploads\/2023\/11\/sidebar_adwhatsapp-01-684x1024.jpg\" alt=\"\" class=\"wp-image-8806\" style=\"aspect-ratio:0.6674057649667405;width:312px;height:auto\" srcset=\"https:\/\/os.cbionline.net\/wp-content\/uploads\/2023\/11\/sidebar_adwhatsapp-01-684x1024.jpg 684w, https:\/\/os.cbionline.net\/wp-content\/uploads\/2023\/11\/sidebar_adwhatsapp-01-200x300.jpg 200w, https:\/\/os.cbionline.net\/wp-content\/uploads\/2023\/11\/sidebar_adwhatsapp-01-768x1150.jpg 768w, https:\/\/os.cbionline.net\/wp-content\/uploads\/2023\/11\/sidebar_adwhatsapp-01-1025x1536.jpg 1025w, https:\/\/os.cbionline.net\/wp-content\/uploads\/2023\/11\/sidebar_adwhatsapp-01-1367x2048.jpg 1367w, https:\/\/os.cbionline.net\/wp-content\/uploads\/2023\/11\/sidebar_adwhatsapp-01-600x899.jpg 600w, https:\/\/os.cbionline.net\/wp-content\/uploads\/2023\/11\/sidebar_adwhatsapp-01-scaled.jpg 1709w\" sizes=\"(max-width: 684px) 100vw, 684px\" \/><\/figure>\n<\/div><div class=\"widget widget_block\" data-area=\"shop-sidebar\">\n<div class=\"wp-block-columns is-layout-flex wp-container-core-columns-is-layout-9d6595d7 wp-block-columns-is-layout-flex\"><\/div>\n<\/div>\t\t\t\t<\/div>\n\t\t\t\t<\/div>\n\t\t\t\t<\/div>\n\t\t\t\t<\/div>\n\t\t\t\t<\/div>\n\t\t","protected":false},"excerpt":{"rendered":"<p>Costadelsol Salsita Sofrito Criollo &#036;10.00 A\u00f1adir al carrito Costadelsol Refried Black Beans &#036;10.00 A\u00f1adir al carrito Costadelsol Salsita de Tomate Ranchera &#036;80.00 A\u00f1adir al carrito<\/p>","protected":false},"author":1,"featured_media":0,"parent":0,"menu_order":0,"comment_status":"closed","ping_status":"closed","template":"","meta":{"footnotes":""},"class_list":["post-8644","page","type-page","status-publish","hentry"],"acf":[],"_links":{"self":[{"href":"https:\/\/os.cbionline.net\/es\/wp-json\/wp\/v2\/pages\/8644","targetHints":{"allow":["GET"]}}],"collection":[{"href":"https:\/\/os.cbionline.net\/es\/wp-json\/wp\/v2\/pages"}],"about":[{"href":"https:\/\/os.cbionline.net\/es\/wp-json\/wp\/v2\/types\/page"}],"author":[{"embeddable":true,"href":"https:\/\/os.cbionline.net\/es\/wp-json\/wp\/v2\/users\/1"}],"replies":[{"embeddable":true,"href":"https:\/\/os.cbionline.net\/es\/wp-json\/wp\/v2\/comments?post=8644"}],"version-history":[{"count":18,"href":"https:\/\/os.cbionline.net\/es\/wp-json\/wp\/v2\/pages\/8644\/revisions"}],"predecessor-version":[{"id":8671,"href":"https:\/\/os.cbionline.net\/es\/wp-json\/wp\/v2\/pages\/8644\/revisions\/8671"}],"wp:attachment":[{"href":"https:\/\/os.cbionline.net\/es\/wp-json\/wp\/v2\/media?parent=8644"}],"curies":[{"name":"wp","href":"https:\/\/api.w.org\/{rel}","templated":true}]}}